{"id":14,"date":"2021-11-21T15:14:19","date_gmt":"2021-11-21T14:14:19","guid":{"rendered":"https:\/\/peachpuff-tapir-499863.hostingersite.com\/?page_id=14"},"modified":"2026-02-17T22:13:31","modified_gmt":"2026-02-17T21:13:31","slug":"nosotros","status":"publish","type":"page","link":"https:\/\/colbiolima.org\/?page_id=14","title":{"rendered":"Nosotros"},"content":{"rendered":"\t\t<div data-elementor-type=\"wp-page\" data-elementor-id=\"14\" class=\"elementor elementor-14\">\n\t\t\t\t\t\t<section class=\"elementor-section elementor-top-section elementor-element elementor-element-c8ddeb6 elementor-section-height-min-height elementor-section-boxed elementor-section-height-default elementor-section-items-middle wpr-particle-no wpr-jarallax-no wpr-parallax-no wpr-sticky-section-no wpr-equal-height-no\" data-id=\"c8ddeb6\" data-element_type=\"section\" data-e-type=\"section\" data-settings=\"{&quot;background_background&quot;:&quot;classic&quot;}\">\n\t\t\t\t\t\t\t<div class=\"elementor-background-overlay\"><\/div>\n\t\t\t\t\t\t\t<div class=\"elementor-container elementor-column-gap-default\">\n\t\t\t\t\t<div class=\"elementor-column elementor-col-50 elementor-top-column elementor-element elementor-element-2e40f8d\" data-id=\"2e40f8d\" data-element_type=\"column\" data-e-type=\"column\">\n\t\t\t<div class=\"elementor-widget-wrap elementor-element-populated\">\n\t\t\t\t\t\t<div class=\"elementor-element elementor-element-ef4c1c3 elementor-widget__width-initial elementor-invisible elementor-widget elementor-widget-image\" data-id=\"ef4c1c3\" data-element_type=\"widget\" data-e-type=\"widget\" data-settings=\"{&quot;_animation&quot;:&quot;fadeInLeft&quot;}\" data-widget_type=\"image.default\">\n\t\t\t\t<div class=\"elementor-widget-container\">\n\t\t\t\t\t\t\t\t\t\t\t\t\t\t\t<img fetchpriority=\"high\" decoding=\"async\" width=\"239\" height=\"239\" src=\"https:\/\/colbiolima.org\/wp-content\/uploads\/2023\/10\/ICONO.png\" class=\"attachment-full size-full wp-image-1331\" alt=\"\" \/>\t\t\t\t\t\t\t\t\t\t\t\t\t\t\t<\/div>\n\t\t\t\t<\/div>\n\t\t\t\t\t<\/div>\n\t\t<\/div>\n\t\t\t\t<div class=\"elementor-column elementor-col-50 elementor-top-column elementor-element elementor-element-81bbe80\" data-id=\"81bbe80\" data-element_type=\"column\" data-e-type=\"column\">\n\t\t\t<div class=\"elementor-widget-wrap elementor-element-populated\">\n\t\t\t\t\t\t<div class=\"elementor-element elementor-element-fbe1006 elementor-invisible elementor-widget elementor-widget-heading\" data-id=\"fbe1006\" data-element_type=\"widget\" data-e-type=\"widget\" data-settings=\"{&quot;_animation&quot;:&quot;fadeIn&quot;}\" data-widget_type=\"heading.default\">\n\t\t\t\t<div class=\"elementor-widget-container\">\n\t\t\t\t\t<h4 class=\"elementor-heading-title elementor-size-default\">Colegio de Bi\u00f3logos del Per\u00fa<br>Consejo Regional VII Lima<\/h4>\t\t\t\t<\/div>\n\t\t\t\t<\/div>\n\t\t\t\t\t<\/div>\n\t\t<\/div>\n\t\t\t\t\t<\/div>\n\t\t<\/section>\n\t\t\t\t<section class=\"elementor-section elementor-top-section elementor-element elementor-element-034f786 elementor-section-boxed elementor-section-height-default elementor-section-height-default wpr-particle-no wpr-jarallax-no wpr-parallax-no wpr-sticky-section-no wpr-equal-height-no\" data-id=\"034f786\" data-element_type=\"section\" data-e-type=\"section\">\n\t\t\t\t\t\t<div class=\"elementor-container elementor-column-gap-default\">\n\t\t\t\t\t<div class=\"elementor-column elementor-col-100 elementor-top-column elementor-element elementor-element-ba0c118\" data-id=\"ba0c118\" data-element_type=\"column\" data-e-type=\"column\">\n\t\t\t<div class=\"elementor-widget-wrap elementor-element-populated\">\n\t\t\t\t\t\t<div class=\"elementor-element elementor-element-6a58178 elementor-invisible elementor-widget elementor-widget-text-editor\" data-id=\"6a58178\" data-element_type=\"widget\" data-e-type=\"widget\" data-settings=\"{&quot;_animation&quot;:&quot;fadeIn&quot;}\" data-widget_type=\"text-editor.default\">\n\t\t\t\t<div class=\"elementor-widget-container\">\n\t\t\t\t\t\t\t\t\t<p style=\"text-align: center;\">El actual <b>Consejo Directivo<\/b> est\u00e1 conformada por las destacadas profesionales quienes motivados por el deseo de hacer grande <b>a nuestro Colegio Profesional<\/b> comparten su tiempo entre sus actividades profesionales, para el desarrollo de nuestra instituci\u00f3n ante la comunidad de Bi\u00f3logos asociados.&nbsp;<span style=\"font-style: inherit; font-weight: inherit; background-color: var(--ast-global-color-5);\">Con una visi\u00f3n de futuro y de unidad entre todos los estudiantes, bachilleres, titulados y colegiados tendremos la oportunidad de gran cambio de actitud encontrando el reconocimiento merecido hacia nuestra carrera.<\/span><\/p>\t\t\t\t\t\t\t\t<\/div>\n\t\t\t\t<\/div>\n\t\t\t\t<div class=\"elementor-element elementor-element-07091e8 elementor-tabs-view-vertical elementor-tabs-alignment-center elementor-widget elementor-widget-tabs\" data-id=\"07091e8\" data-element_type=\"widget\" data-e-type=\"widget\" data-widget_type=\"tabs.default\">\n\t\t\t\t<div class=\"elementor-widget-container\">\n\t\t\t\t\t\t\t<div class=\"elementor-tabs\">\n\t\t\t<div class=\"elementor-tabs-wrapper\" role=\"tablist\" >\n\t\t\t\t\t\t\t\t\t<div id=\"elementor-tab-title-7371\" class=\"elementor-tab-title elementor-tab-desktop-title\" aria-selected=\"true\" data-tab=\"1\" role=\"tab\" tabindex=\"0\" aria-controls=\"elementor-tab-content-7371\" aria-expanded=\"false\">VISI\u00d3N<\/div>\n\t\t\t\t\t\t\t\t\t<div id=\"elementor-tab-title-7372\" class=\"elementor-tab-title elementor-tab-desktop-title\" aria-selected=\"false\" data-tab=\"2\" role=\"tab\" tabindex=\"-1\" aria-controls=\"elementor-tab-content-7372\" aria-expanded=\"false\">MISI\u00d3N<\/div>\n\t\t\t\t\t\t\t<\/div>\n\t\t\t<div class=\"elementor-tabs-content-wrapper\" role=\"tablist\" aria-orientation=\"vertical\">\n\t\t\t\t\t\t\t\t\t<div class=\"elementor-tab-title elementor-tab-mobile-title\" aria-selected=\"true\" data-tab=\"1\" role=\"tab\" tabindex=\"0\" aria-controls=\"elementor-tab-content-7371\" aria-expanded=\"false\">VISI\u00d3N<\/div>\n\t\t\t\t\t<div id=\"elementor-tab-content-7371\" class=\"elementor-tab-content elementor-clearfix\" data-tab=\"1\" role=\"tabpanel\" aria-labelledby=\"elementor-tab-title-7371\" tabindex=\"0\" hidden=\"false\"><p style=\"text-align: center;\">Hacer del <b>Consejo Regional VII de Lima \u2013 Colegio de Bi\u00f3logos del Per\u00fa<\/b> una instituci\u00f3n s\u00f3lida, cohesionada, al servicio de sus colegiados y reconocida a nivel nacional e internacional, por su compromiso con la verdad, la \u00e9tica, la ciencia y el desarrollo sostenible del pa\u00eds.<\/p><p>\u00a0<\/p><p style=\"text-align: center;\">A trav\u00e9s de sus profesionales colegiados, liderar los grandes cambios en los diferentes sectores laborales de la mano con el desarrollo cient\u00edfico y tecnol\u00f3gico, siendo como instituci\u00f3n ente consultor de gran relevancia regional para la toma de decisiones.<\/p><\/div>\n\t\t\t\t\t\t\t\t\t<div class=\"elementor-tab-title elementor-tab-mobile-title\" aria-selected=\"false\" data-tab=\"2\" role=\"tab\" tabindex=\"-1\" aria-controls=\"elementor-tab-content-7372\" aria-expanded=\"false\">MISI\u00d3N<\/div>\n\t\t\t\t\t<div id=\"elementor-tab-content-7372\" class=\"elementor-tab-content elementor-clearfix\" data-tab=\"2\" role=\"tabpanel\" aria-labelledby=\"elementor-tab-title-7372\" tabindex=\"0\" hidden=\"hidden\"><p style=\"text-align: center;\">Es la de ejercer la representaci\u00f3n oficial y defensa de la profesi\u00f3n; contribuir al desarrollo de las Ciencias Biol\u00f3gicas, cooperando con las instituciones nacionales y extranjeras, cient\u00edficas, tecnol\u00f3gicas y educativas en la creaci\u00f3n y difusi\u00f3n del conocimiento e incentivo de la investigaci\u00f3n sobre la realidad y los problemas nacionales.<\/p><p>\u00a0<\/p><p style=\"text-align: center;\">Velar porque el ejercicio profesional se desarrolle de acuerdo al <b>C\u00f3digo de \u00c9tica Profesional<\/b> fortaleciendo nuestras competencias con convenios educativos y fiscalizando el ejercicio profesional conforme a las normativas nacionales.<\/p><\/div>\n\t\t\t\t\t\t\t<\/div>\n\t\t<\/div>\n\t\t\t\t\t\t<\/div>\n\t\t\t\t<\/div>\n\t\t\t\t<div class=\"elementor-element elementor-element-e86e533 elementor-widget elementor-widget-heading\" data-id=\"e86e533\" data-element_type=\"widget\" data-e-type=\"widget\" data-widget_type=\"heading.default\">\n\t\t\t\t<div class=\"elementor-widget-container\">\n\t\t\t\t\t<h2 class=\"elementor-heading-title elementor-size-default\">CONSEJO DIRECTIVO 2025 - 2027<\/h2>\t\t\t\t<\/div>\n\t\t\t\t<\/div>\n\t\t\t\t<div class=\"elementor-element elementor-element-d1aaf33 elementor-widget-divider--view-line elementor-widget elementor-widget-divider\" data-id=\"d1aaf33\" data-element_type=\"widget\" data-e-type=\"widget\" data-widget_type=\"divider.default\">\n\t\t\t\t<div class=\"elementor-widget-container\">\n\t\t\t\t\t\t\t<div class=\"elementor-divider\">\n\t\t\t<span class=\"elementor-divider-separator\">\n\t\t\t\t\t\t<\/span>\n\t\t<\/div>\n\t\t\t\t\t\t<\/div>\n\t\t\t\t<\/div>\n\t\t\t\t<div class=\"elementor-element elementor-element-9fdb291 elementor-widget elementor-widget-image\" data-id=\"9fdb291\" data-element_type=\"widget\" data-e-type=\"widget\" data-widget_type=\"image.default\">\n\t\t\t\t<div class=\"elementor-widget-container\">\n\t\t\t\t\t\t\t\t\t\t\t\t\t\t\t<img decoding=\"async\" width=\"2560\" height=\"1707\" src=\"https:\/\/colbiolima.org\/wp-content\/uploads\/2025\/04\/16042024-DSC06319-AZUL.png\" class=\"attachment-full size-full wp-image-2911\" alt=\"\" srcset=\"https:\/\/colbiolima.org\/wp-content\/uploads\/2025\/04\/16042024-DSC06319-AZUL.png 2560w, https:\/\/colbiolima.org\/wp-content\/uploads\/2025\/04\/16042024-DSC06319-AZUL-300x200.png 300w, https:\/\/colbiolima.org\/wp-content\/uploads\/2025\/04\/16042024-DSC06319-AZUL-1024x683.png 1024w, https:\/\/colbiolima.org\/wp-content\/uploads\/2025\/04\/16042024-DSC06319-AZUL-768x512.png 768w, https:\/\/colbiolima.org\/wp-content\/uploads\/2025\/04\/16042024-DSC06319-AZUL-1536x1024.png 1536w\" sizes=\"(max-width: 2560px) 100vw, 2560px\" \/>\t\t\t\t\t\t\t\t\t\t\t\t\t\t\t<\/div>\n\t\t\t\t<\/div>\n\t\t\t\t<section class=\"elementor-section elementor-inner-section elementor-element elementor-element-d762106 elementor-section-boxed elementor-section-height-default elementor-section-height-default wpr-particle-no wpr-jarallax-no wpr-parallax-no wpr-sticky-section-no wpr-equal-height-no\" data-id=\"d762106\" data-element_type=\"section\" data-e-type=\"section\">\n\t\t\t\t\t\t<div class=\"elementor-container elementor-column-gap-default\">\n\t\t\t\t\t<div class=\"elementor-column elementor-col-50 elementor-inner-column elementor-element elementor-element-08ec54c\" data-id=\"08ec54c\" data-element_type=\"column\" data-e-type=\"column\">\n\t\t\t<div class=\"elementor-widget-wrap elementor-element-populated\">\n\t\t\t\t\t\t<div class=\"elementor-element elementor-element-2ba035b elementor-vertical-align-top elementor-widget elementor-widget-image-box\" data-id=\"2ba035b\" data-element_type=\"widget\" data-e-type=\"widget\" data-widget_type=\"image-box.default\">\n\t\t\t\t<div class=\"elementor-widget-container\">\n\t\t\t\t\t<div class=\"elementor-image-box-wrapper\"><div class=\"elementor-image-box-content\"><h3 class=\"elementor-image-box-title\">Dr. Blgo. Juan Jos\u00e9 Prieto Marcos<\/h3><p class=\"elementor-image-box-description\">Decano Regional<\/p><\/div><\/div>\t\t\t\t<\/div>\n\t\t\t\t<\/div>\n\t\t\t\t<div class=\"elementor-element elementor-element-063ab0e elementor-vertical-align-top elementor-widget elementor-widget-image-box\" data-id=\"063ab0e\" data-element_type=\"widget\" data-e-type=\"widget\" data-widget_type=\"image-box.default\">\n\t\t\t\t<div class=\"elementor-widget-container\">\n\t\t\t\t\t<div class=\"elementor-image-box-wrapper\"><div class=\"elementor-image-box-content\"><h3 class=\"elementor-image-box-title\">Blgo. Jos\u00e9 Carlos Limaco Basurto<\/h3><p class=\"elementor-image-box-description\">Secretario Regional<\/p><\/div><\/div>\t\t\t\t<\/div>\n\t\t\t\t<\/div>\n\t\t\t\t<div class=\"elementor-element elementor-element-ad28c67 elementor-vertical-align-top elementor-widget elementor-widget-image-box\" data-id=\"ad28c67\" data-element_type=\"widget\" data-e-type=\"widget\" data-widget_type=\"image-box.default\">\n\t\t\t\t<div class=\"elementor-widget-container\">\n\t\t\t\t\t<div class=\"elementor-image-box-wrapper\"><div class=\"elementor-image-box-content\"><h3 class=\"elementor-image-box-title\">Blgo. William Marcelino Quispe Paredes<\/h3><p class=\"elementor-image-box-description\">Vocal I Regional<\/p><\/div><\/div>\t\t\t\t<\/div>\n\t\t\t\t<\/div>\n\t\t\t\t\t<\/div>\n\t\t<\/div>\n\t\t\t\t<div class=\"elementor-column elementor-col-50 elementor-inner-column elementor-element elementor-element-d30d7a1\" data-id=\"d30d7a1\" data-element_type=\"column\" data-e-type=\"column\">\n\t\t\t<div class=\"elementor-widget-wrap elementor-element-populated\">\n\t\t\t\t\t\t<div class=\"elementor-element elementor-element-8e7e4e2 elementor-vertical-align-top elementor-widget elementor-widget-image-box\" data-id=\"8e7e4e2\" data-element_type=\"widget\" data-e-type=\"widget\" data-widget_type=\"image-box.default\">\n\t\t\t\t<div class=\"elementor-widget-container\">\n\t\t\t\t\t<div class=\"elementor-image-box-wrapper\"><div class=\"elementor-image-box-content\"><h3 class=\"elementor-image-box-title\">Dr. Blgo. C\u00e9sar Hern\u00e1n Saravia Paz Soldan<\/h3><p class=\"elementor-image-box-description\">Vice Decano Regional<\/p><\/div><\/div>\t\t\t\t<\/div>\n\t\t\t\t<\/div>\n\t\t\t\t<div class=\"elementor-element elementor-element-4c559c2 elementor-vertical-align-top elementor-widget elementor-widget-image-box\" data-id=\"4c559c2\" data-element_type=\"widget\" data-e-type=\"widget\" data-widget_type=\"image-box.default\">\n\t\t\t\t<div class=\"elementor-widget-container\">\n\t\t\t\t\t<div class=\"elementor-image-box-wrapper\"><div class=\"elementor-image-box-content\"><h3 class=\"elementor-image-box-title\">Blga. Maritza Roxana San Mart\u00edn L\u00f3pez<\/h3><p class=\"elementor-image-box-description\">Tesorera Regional<\/p><\/div><\/div>\t\t\t\t<\/div>\n\t\t\t\t<\/div>\n\t\t\t\t<div class=\"elementor-element elementor-element-4d87250 elementor-vertical-align-top elementor-widget elementor-widget-image-box\" data-id=\"4d87250\" data-element_type=\"widget\" data-e-type=\"widget\" data-widget_type=\"image-box.default\">\n\t\t\t\t<div class=\"elementor-widget-container\">\n\t\t\t\t\t<div class=\"elementor-image-box-wrapper\"><div class=\"elementor-image-box-content\"><h3 class=\"elementor-image-box-title\">Blgo. Jos\u00e9 Luis Vel\u00e1squez Larico<\/h3><p class=\"elementor-image-box-description\">Vocal II Regional<\/p><\/div><\/div>\t\t\t\t<\/div>\n\t\t\t\t<\/div>\n\t\t\t\t\t<\/div>\n\t\t<\/div>\n\t\t\t\t\t<\/div>\n\t\t<\/section>\n\t\t\t\t\t<\/div>\n\t\t<\/div>\n\t\t\t\t\t<\/div>\n\t\t<\/section>\n\t\t\t\t<\/div>\n\t\t","protected":false},"excerpt":{"rendered":"<p>Colegio de Bi\u00f3logos del Per\u00faConsejo Regional VII Lima El actual Consejo Directivo est\u00e1 conformada por las destacadas profesionales quienes motivados por el deseo de hacer grande a nuestro Colegio Profesional comparten su tiempo entre sus actividades profesionales, para el desarrollo de nuestra instituci\u00f3n ante la comunidad de Bi\u00f3logos asociados.&nbsp;Con una visi\u00f3n de futuro y de unidad entre todos los estudiantes, bachilleres, titulados y colegiados tendremos la oportunidad de gran cambio de actitud encontrando el reconocimiento merecido hacia nuestra carrera. VISI\u00d3N MISI\u00d3N VISI\u00d3N Hacer del Consejo Regional VII de Lima \u2013 Colegio de Bi\u00f3logos del Per\u00fa una instituci\u00f3n s\u00f3lida, cohesionada, al servicio de sus colegiados y reconocida a nivel nacional e internacional, por su compromiso con la verdad, la \u00e9tica, la ciencia y el desarrollo sostenible del pa\u00eds. \u00a0 A trav\u00e9s de sus profesionales colegiados, liderar los grandes cambios en los diferentes sectores laborales de la mano con el desarrollo cient\u00edfico y tecnol\u00f3gico, siendo como instituci\u00f3n ente consultor de gran relevancia regional para la toma de decisiones. MISI\u00d3N Es la de ejercer la representaci\u00f3n oficial y defensa de la profesi\u00f3n; contribuir al desarrollo de las Ciencias Biol\u00f3gicas, cooperando con las instituciones nacionales y extranjeras, cient\u00edficas, tecnol\u00f3gicas y educativas en la creaci\u00f3n y difusi\u00f3n del conocimiento e incentivo de la investigaci\u00f3n sobre la realidad y los problemas nacionales. \u00a0 Velar porque el ejercicio profesional se desarrolle de acuerdo al C\u00f3digo de \u00c9tica Profesional fortaleciendo nuestras competencias con convenios educativos y fiscalizando el ejercicio profesional conforme a las normativas nacionales. CONSEJO DIRECTIVO 2025 &#8211; 2027 Dr. Blgo. Juan Jos\u00e9 Prieto Marcos Decano Regional Blgo. Jos\u00e9 Carlos Limaco Basurto Secretario Regional Blgo. William Marcelino Quispe Paredes Vocal I Regional Dr. Blgo. C\u00e9sar Hern\u00e1n Saravia Paz Soldan Vice Decano Regional Blga. Maritza Roxana San Mart\u00edn L\u00f3pez Tesorera Regional Blgo. Jos\u00e9 Luis Vel\u00e1squez Larico Vocal II Regional<\/p>\n","protected":false},"author":1,"featured_media":0,"parent":0,"menu_order":0,"comment_status":"closed","ping_status":"closed","template":"","meta":{"_monsterinsights_skip_tracking":false,"_monsterinsights_sitenote_active":false,"_monsterinsights_sitenote_note":"","_monsterinsights_sitenote_category":0,"site-sidebar-layout":"no-sidebar","site-content-layout":"page-builder","ast-site-content-layout":"full-width-container","site-content-style":"unboxed","site-sidebar-style":"unboxed","ast-global-header-display":"","ast-banner-title-visibility":"","ast-main-header-display":"","ast-hfb-above-header-display":"","ast-hfb-below-header-display":"","ast-hfb-mobile-header-display":"","site-post-title":"disabled","ast-breadcrumbs-content":"","ast-featured-img":"disabled","footer-sml-layout":"","ast-disable-related-posts":"","theme-transparent-header-meta":"disabled","adv-header-id-meta":"","stick-header-meta":"","header-above-stick-meta":"","header-main-stick-meta":"","header-below-stick-meta":"","astra-migrate-meta-layouts":"set","ast-page-background-enabled":"default","ast-page-background-meta":{"desktop":{"background-color":"var(--ast-global-color-4)","background-image":"","background-repeat":"repeat","background-position":"center center","background-size":"auto","background-attachment":"scroll","background-type":"","background-media":"","overlay-type":"","overlay-color":"","overlay-opacity":"","overlay-gradient":""},"tablet":{"background-color":"","background-image":"","background-repeat":"repeat","background-position":"center center","background-size":"auto","background-attachment":"scroll","background-type":"","background-media":"","overlay-type":"","overlay-color":"","overlay-opacity":"","overlay-gradient":""},"mobile":{"background-color":"","background-image":"","background-repeat":"repeat","background-position":"center center","background-size":"auto","background-attachment":"scroll","background-type":"","background-media":"","overlay-type":"","overlay-color":"","overlay-opacity":"","overlay-gradient":""}},"ast-content-background-meta":{"desktop":{"background-color":"var(--ast-global-color-5)","background-image":"","background-repeat":"repeat","background-position":"center center","background-size":"auto","background-attachment":"scroll","background-type":"","background-media":"","overlay-type":"","overlay-color":"","overlay-opacity":"","overlay-gradient":""},"tablet":{"background-color":"var(--ast-global-color-5)","background-image":"","background-repeat":"repeat","background-position":"center center","background-size":"auto","background-attachment":"scroll","background-type":"","background-media":"","overlay-type":"","overlay-color":"","overlay-opacity":"","overlay-gradient":""},"mobile":{"background-color":"var(--ast-global-color-5)","background-image":"","background-repeat":"repeat","background-position":"center center","background-size":"auto","background-attachment":"scroll","background-type":"","background-media":"","overlay-type":"","overlay-color":"","overlay-opacity":"","overlay-gradient":""}},"_joinchat":[],"footnotes":""},"class_list":["post-14","page","type-page","status-publish","hentry"],"aioseo_notices":[],"_links":{"self":[{"href":"https:\/\/colbiolima.org\/index.php?rest_route=\/wp\/v2\/pages\/14","targetHints":{"allow":["GET"]}}],"collection":[{"href":"https:\/\/colbiolima.org\/index.php?rest_route=\/wp\/v2\/pages"}],"about":[{"href":"https:\/\/colbiolima.org\/index.php?rest_route=\/wp\/v2\/types\/page"}],"author":[{"embeddable":true,"href":"https:\/\/colbiolima.org\/index.php?rest_route=\/wp\/v2\/users\/1"}],"replies":[{"embeddable":true,"href":"https:\/\/colbiolima.org\/index.php?rest_route=%2Fwp%2Fv2%2Fcomments&post=14"}],"version-history":[{"count":48,"href":"https:\/\/colbiolima.org\/index.php?rest_route=\/wp\/v2\/pages\/14\/revisions"}],"predecessor-version":[{"id":3197,"href":"https:\/\/colbiolima.org\/index.php?rest_route=\/wp\/v2\/pages\/14\/revisions\/3197"}],"wp:attachment":[{"href":"https:\/\/colbiolima.org\/index.php?rest_route=%2Fwp%2Fv2%2Fmedia&parent=14"}],"curies":[{"name":"wp","href":"https:\/\/api.w.org\/{rel}","templated":true}]}}