{"id":1467,"date":"2023-10-20T23:37:56","date_gmt":"2023-10-20T21:37:56","guid":{"rendered":"https:\/\/peachpuff-tapir-499863.hostingersite.com\/?page_id=1467"},"modified":"2026-04-09T00:57:43","modified_gmt":"2026-04-08T22:57:43","slug":"colegiatura","status":"publish","type":"page","link":"https:\/\/colbiolima.org\/?page_id=1467","title":{"rendered":"Colegiatura"},"content":{"rendered":"\t\t<div data-elementor-type=\"wp-page\" data-elementor-id=\"1467\" class=\"elementor elementor-1467\">\n\t\t\t\t\t\t<section class=\"elementor-section elementor-top-section elementor-element elementor-element-13c107b elementor-section-height-min-height elementor-section-content-middle elementor-section-boxed elementor-section-height-default elementor-section-items-middle wpr-particle-no wpr-jarallax-no wpr-parallax-no wpr-sticky-section-no wpr-equal-height-no\" data-id=\"13c107b\" data-element_type=\"section\" data-e-type=\"section\" data-settings=\"{&quot;background_background&quot;:&quot;classic&quot;}\">\n\t\t\t\t\t\t\t<div class=\"elementor-background-overlay\"><\/div>\n\t\t\t\t\t\t\t<div class=\"elementor-container elementor-column-gap-no\">\n\t\t\t\t\t<div class=\"elementor-column elementor-col-100 elementor-top-column elementor-element elementor-element-34a8520\" data-id=\"34a8520\" data-element_type=\"column\" data-e-type=\"column\">\n\t\t\t<div class=\"elementor-widget-wrap elementor-element-populated\">\n\t\t\t\t\t\t<div class=\"elementor-element elementor-element-61813c8 elementor-invisible elementor-widget elementor-widget-heading\" data-id=\"61813c8\" data-element_type=\"widget\" data-e-type=\"widget\" data-settings=\"{&quot;_animation&quot;:&quot;fadeIn&quot;}\" data-widget_type=\"heading.default\">\n\t\t\t\t<div class=\"elementor-widget-container\">\n\t\t\t\t\t<h1 class=\"elementor-heading-title elementor-size-default\">SERVICIO DE INCORPORACI\u00d3N FORMAL AL COLEGIO<\/h1>\t\t\t\t<\/div>\n\t\t\t\t<\/div>\n\t\t\t\t\t<\/div>\n\t\t<\/div>\n\t\t\t\t\t<\/div>\n\t\t<\/section>\n\t\t<div class=\"elementor-element elementor-element-da89562 e-flex e-con-boxed wpr-particle-no wpr-jarallax-no wpr-parallax-no wpr-sticky-section-no wpr-equal-height-no e-con e-parent\" data-id=\"da89562\" data-element_type=\"container\" data-e-type=\"container\">\n\t\t\t\t\t<div class=\"e-con-inner\">\n\t\t\t\t<div class=\"elementor-element elementor-element-94c81f1 elementor-widget elementor-widget-text-editor\" data-id=\"94c81f1\" data-element_type=\"widget\" data-e-type=\"widget\" data-widget_type=\"text-editor.default\">\n\t\t\t\t<div class=\"elementor-widget-container\">\n\t\t\t\t\t\t\t\t\t<p style=\"text-align: center;\">La inscripci\u00f3n en la Jurisdicci\u00f3n del Departamento de Lima, es<b> a trav\u00e9s del Consejo Regional VII<\/b>, quien eleva las solicitudes con los respectivos expedientes <b>al Consejo Directivo Nacional para su aprobaci\u00f3n<\/b>.\u00a0\u00a0\u00a0\u00a0<\/p>\t\t\t\t\t\t\t\t<\/div>\n\t\t\t\t<\/div>\n\t\t\t\t<div class=\"elementor-element elementor-element-187911e elementor-icon-list--layout-inline elementor-align-center elementor-list-item-link-full_width elementor-widget elementor-widget-icon-list\" data-id=\"187911e\" data-element_type=\"widget\" data-e-type=\"widget\" data-widget_type=\"icon-list.default\">\n\t\t\t\t<div class=\"elementor-widget-container\">\n\t\t\t\t\t\t\t<ul class=\"elementor-icon-list-items elementor-inline-items\">\n\t\t\t\t\t\t\t<li class=\"elementor-icon-list-item elementor-inline-item\">\n\t\t\t\t\t\t\t\t\t\t\t<a href=\"https:\/\/enlinea.sunedu.gob.pe\/\" target=\"_blank\">\n\n\t\t\t\t\t\t\t\t\t\t\t\t<span class=\"elementor-icon-list-icon\">\n\t\t\t\t\t\t\t<i aria-hidden=\"true\" class=\"fas fa-link\"><\/i>\t\t\t\t\t\t<\/span>\n\t\t\t\t\t\t\t\t\t\t<span class=\"elementor-icon-list-text\">SUNEDU<\/span>\n\t\t\t\t\t\t\t\t\t\t\t<\/a>\n\t\t\t\t\t\t\t\t\t<\/li>\n\t\t\t\t\t\t<\/ul>\n\t\t\t\t\t\t<\/div>\n\t\t\t\t<\/div>\n\t\t\t\t\t<\/div>\n\t\t\t\t<\/div>\n\t\t\t\t<section class=\"elementor-section elementor-top-section elementor-element elementor-element-1143830 elementor-section-boxed elementor-section-height-default elementor-section-height-default wpr-particle-no wpr-jarallax-no wpr-parallax-no wpr-sticky-section-no wpr-equal-height-no\" data-id=\"1143830\" data-element_type=\"section\" data-e-type=\"section\">\n\t\t\t\t\t\t<div class=\"elementor-container elementor-column-gap-default\">\n\t\t\t\t\t<div class=\"elementor-column elementor-col-100 elementor-top-column elementor-element elementor-element-7aa600b\" data-id=\"7aa600b\" data-element_type=\"column\" data-e-type=\"column\">\n\t\t\t<div class=\"elementor-widget-wrap elementor-element-populated\">\n\t\t\t\t\t\t<div class=\"elementor-element elementor-element-a2a3439 elementor-invisible elementor-widget elementor-widget-heading\" data-id=\"a2a3439\" data-element_type=\"widget\" data-e-type=\"widget\" data-settings=\"{&quot;_animation&quot;:&quot;fadeIn&quot;}\" data-widget_type=\"heading.default\">\n\t\t\t\t<div class=\"elementor-widget-container\">\n\t\t\t\t\t<h4 class=\"elementor-heading-title elementor-size-default\">FORMATOS<\/h4>\t\t\t\t<\/div>\n\t\t\t\t<\/div>\n\t\t\t\t<div class=\"elementor-element elementor-element-89bcb0a elementor-widget elementor-widget-text-editor\" data-id=\"89bcb0a\" data-element_type=\"widget\" data-e-type=\"widget\" data-settings=\"{&quot;_animation&quot;:&quot;none&quot;}\" data-widget_type=\"text-editor.default\">\n\t\t\t\t<div class=\"elementor-widget-container\">\n\t\t\t\t\t\t\t\t\t<p>Descargar (<a href=\"https:\/\/drive.google.com\/file\/d\/11YDk-jNCP6AXX6enUhj40wqH5XLeDgKH\/view?usp=sharing\" target=\"_blank\" rel=\"noopener\">.pdf<\/a>) la ficha que consta de:<\/p><ul><li><span style=\"font-size: 16px;\"><span style=\"font-size: 16px;\">01 Verificaci\u00f3n y procedimiento para la <\/span><\/span>incorporaci\u00f3n formal al colegio.<\/li><li>02 Solicitudes dirigida al (la) Decano (a) Nacional del Colegio de Bi\u00f3logos del Per\u00fa.<\/li><li>02 Fichas de Inscripci\u00f3n.<\/li><li>02 Declaraciones Jurada simple de no estar impedido o inhabilitado por sentencia judicial.<\/li><\/ul>\t\t\t\t\t\t\t\t<\/div>\n\t\t\t\t<\/div>\n\t\t\t\t<div class=\"elementor-element elementor-element-4243091 elementor-widget elementor-widget-text-editor\" data-id=\"4243091\" data-element_type=\"widget\" data-e-type=\"widget\" data-settings=\"{&quot;_animation&quot;:&quot;none&quot;}\" data-widget_type=\"text-editor.default\">\n\t\t\t\t<div class=\"elementor-widget-container\">\n\t\t\t\t\t\t\t\t\t<p><b>* Todas las fichas se Imprimen por duplicado (llenar con tinta negra y deben ser llenadas a mano.)<\/b><\/p>\t\t\t\t\t\t\t\t<\/div>\n\t\t\t\t<\/div>\n\t\t\t\t\t<\/div>\n\t\t<\/div>\n\t\t\t\t\t<\/div>\n\t\t<\/section>\n\t\t\t\t<section class=\"elementor-section elementor-top-section elementor-element elementor-element-e3f3421 elementor-section-boxed elementor-section-height-default elementor-section-height-default wpr-particle-no wpr-jarallax-no wpr-parallax-no wpr-sticky-section-no wpr-equal-height-no\" data-id=\"e3f3421\" data-element_type=\"section\" data-e-type=\"section\">\n\t\t\t\t\t\t<div class=\"elementor-container elementor-column-gap-default\">\n\t\t\t\t\t<div class=\"elementor-column elementor-col-100 elementor-top-column elementor-element elementor-element-f16393c\" data-id=\"f16393c\" data-element_type=\"column\" data-e-type=\"column\">\n\t\t\t<div class=\"elementor-widget-wrap elementor-element-populated\">\n\t\t\t\t\t\t<div class=\"elementor-element elementor-element-7baa20d elementor-invisible elementor-widget elementor-widget-heading\" data-id=\"7baa20d\" data-element_type=\"widget\" data-e-type=\"widget\" data-settings=\"{&quot;_animation&quot;:&quot;fadeIn&quot;}\" data-widget_type=\"heading.default\">\n\t\t\t\t<div class=\"elementor-widget-container\">\n\t\t\t\t\t<h4 class=\"elementor-heading-title elementor-size-default\">REQUISITOS GENERALES<\/h4>\t\t\t\t<\/div>\n\t\t\t\t<\/div>\n\t\t\t\t<div class=\"elementor-element elementor-element-0bf9dde elementor-widget elementor-widget-text-editor\" data-id=\"0bf9dde\" data-element_type=\"widget\" data-e-type=\"widget\" data-settings=\"{&quot;_animation&quot;:&quot;none&quot;}\" data-widget_type=\"text-editor.default\">\n\t\t\t\t<div class=\"elementor-widget-container\">\n\t\t\t\t\t\t\t\t\t<p>\u2022 Dos <strong>(02)<\/strong> copias simples del t\u00edtulo profesional en formato A-4, expedido por Universidad Peruana de acuerdo a la Ley Universitaria<\/p><p>\u2022 Dos <strong>(02)<\/strong> copias simples del Registro Nacional de Grados y T\u00edtulos de SUNEDU.<\/p><p>En caso de haberse titulado en el extranjero el T\u00edtulo debe ser homologado o revalidado por universidad peruana registrada ante el Registro Nacional de Grados y T\u00edtulos de la SUNEDU.<\/p><p>\u2022 Dos <strong>(02)<\/strong> copias n\u00edtidas del T\u00edtulo Universitario otorgado en el extranjero <strong>(debidamente traducida, de ser el caso, por traductor oficial)<\/strong> homologado o revalidado, y estar registrado en SUNEDU, para proceder al tr\u00e1mite.<\/p><p>\u2022 Presentar cuatro <strong>(04)<\/strong> fotograf\u00edas f\u00edsicas de frente, tama\u00f1o pasaporte <strong>(4.0 X 4.5 cm)<\/strong> a color.<\/p><p>\u2022 Una <strong>(01)<\/strong> fotograf\u00eda digital tama\u00f1o pasaporte a color con fondo blanco, con vestimenta formal y en formato JPG o PNG<strong> (enviarlo por WhatsApp al 919 669 010 que corresponde a Secretaria, indicando sus datos)<\/strong>.<\/p><p>\u2022 Dos <strong>(02)<\/strong> copias simples del Documento Nacional de Identidad, en caso de ser extranjero copia legalizada de carn\u00e9 extranjer\u00eda o pasaporte vigente <strong>(anverso y reverso)<\/strong>.<\/p>\t\t\t\t\t\t\t\t<\/div>\n\t\t\t\t<\/div>\n\t\t\t\t\t<\/div>\n\t\t<\/div>\n\t\t\t\t\t<\/div>\n\t\t<\/section>\n\t\t\t\t<section class=\"elementor-section elementor-top-section elementor-element elementor-element-22967a7 elementor-section-boxed elementor-section-height-default elementor-section-height-default wpr-particle-no wpr-jarallax-no wpr-parallax-no wpr-sticky-section-no wpr-equal-height-no\" data-id=\"22967a7\" data-element_type=\"section\" data-e-type=\"section\">\n\t\t\t\t\t\t<div class=\"elementor-container elementor-column-gap-default\">\n\t\t\t\t\t<div class=\"elementor-column elementor-col-100 elementor-top-column elementor-element elementor-element-0e6dbb6\" data-id=\"0e6dbb6\" data-element_type=\"column\" data-e-type=\"column\">\n\t\t\t<div class=\"elementor-widget-wrap elementor-element-populated\">\n\t\t\t\t\t\t<div class=\"elementor-element elementor-element-cb58e9c elementor-invisible elementor-widget elementor-widget-heading\" data-id=\"cb58e9c\" data-element_type=\"widget\" data-e-type=\"widget\" data-settings=\"{&quot;_animation&quot;:&quot;fadeIn&quot;}\" data-widget_type=\"heading.default\">\n\t\t\t\t<div class=\"elementor-widget-container\">\n\t\t\t\t\t<h4 class=\"elementor-heading-title elementor-size-default\">PAGO POR DERECHO DE INSCRIPCI\u00d3N<\/h4>\t\t\t\t<\/div>\n\t\t\t\t<\/div>\n\t\t\t\t<div class=\"elementor-element elementor-element-6c71635 elementor-widget elementor-widget-text-editor\" data-id=\"6c71635\" data-element_type=\"widget\" data-e-type=\"widget\" data-settings=\"{&quot;_animation&quot;:&quot;none&quot;}\" data-widget_type=\"text-editor.default\">\n\t\t\t\t<div class=\"elementor-widget-container\">\n\t\t\t\t\t\t\t\t\t<p style=\"font-weight: 400; text-align: center;\">El costo es de S\/. 686.00, el pago se puede realizar mediante Agencia Bancaria, Agente o transferencia bancaria, desglosado de la siguiente manera:<\/p>\t\t\t\t\t\t\t\t<\/div>\n\t\t\t\t<\/div>\n\t\t\t\t<div class=\"elementor-element elementor-element-f232a48 elementor-tabs-alignment-center elementor-tabs-view-horizontal elementor-widget elementor-widget-tabs\" data-id=\"f232a48\" data-element_type=\"widget\" data-e-type=\"widget\" data-widget_type=\"tabs.default\">\n\t\t\t\t<div class=\"elementor-widget-container\">\n\t\t\t\t\t\t\t<div class=\"elementor-tabs\">\n\t\t\t<div class=\"elementor-tabs-wrapper\" role=\"tablist\" >\n\t\t\t\t\t\t\t\t\t<div id=\"elementor-tab-title-2531\" class=\"elementor-tab-title elementor-tab-desktop-title\" aria-selected=\"true\" data-tab=\"1\" role=\"tab\" tabindex=\"0\" aria-controls=\"elementor-tab-content-2531\" aria-expanded=\"false\">PAGO<\/div>\n\t\t\t\t\t\t\t<\/div>\n\t\t\t<div class=\"elementor-tabs-content-wrapper\" role=\"tablist\" aria-orientation=\"vertical\">\n\t\t\t\t\t\t\t\t\t<div class=\"elementor-tab-title elementor-tab-mobile-title\" aria-selected=\"true\" data-tab=\"1\" role=\"tab\" tabindex=\"0\" aria-controls=\"elementor-tab-content-2531\" aria-expanded=\"false\">PAGO<\/div>\n\t\t\t\t\t<div id=\"elementor-tab-content-2531\" class=\"elementor-tab-content elementor-clearfix\" data-tab=\"1\" role=\"tabpanel\" aria-labelledby=\"elementor-tab-title-2531\" tabindex=\"0\" hidden=\"false\"><p style=\"text-align: center;\">S\/. 686.00 soles<strong><br \/>Banco Scotiabank<\/strong><br \/>Cuenta Corriente Soles<br \/>N\u00ba 3853339<br \/>CCI 009-097-00000-3853339-74<br \/><strong>Colegio de Bi\u00f3logos del Per\u00fa \u2013 Consejo Nacional<\/strong><\/p><p style=\"text-align: center;\"><span style=\"font-weight: bold;\">RUC: 20433624531<\/span><strong><br \/><\/strong><\/p><\/div>\n\t\t\t\t\t\t\t<\/div>\n\t\t<\/div>\n\t\t\t\t\t\t<\/div>\n\t\t\t\t<\/div>\n\t\t\t\t<div class=\"elementor-element elementor-element-9f8d7d7 elementor-widget elementor-widget-text-editor\" data-id=\"9f8d7d7\" data-element_type=\"widget\" data-e-type=\"widget\" data-settings=\"{&quot;_animation&quot;:&quot;none&quot;}\" data-widget_type=\"text-editor.default\">\n\t\t\t\t<div class=\"elementor-widget-container\">\n\t\t\t\t\t\t\t\t\t<p><b>* Comprobante del dep\u00f3sito debe ser remitido con el expediente.<\/b><\/p>\t\t\t\t\t\t\t\t<\/div>\n\t\t\t\t<\/div>\n\t\t\t\t\t<\/div>\n\t\t<\/div>\n\t\t\t\t\t<\/div>\n\t\t<\/section>\n\t\t\t\t<section class=\"elementor-section elementor-top-section elementor-element elementor-element-feb7eec elementor-section-boxed elementor-section-height-default elementor-section-height-default wpr-particle-no wpr-jarallax-no wpr-parallax-no wpr-sticky-section-no wpr-equal-height-no\" data-id=\"feb7eec\" data-element_type=\"section\" data-e-type=\"section\">\n\t\t\t\t\t\t<div class=\"elementor-container elementor-column-gap-default\">\n\t\t\t\t\t<div class=\"elementor-column elementor-col-100 elementor-top-column elementor-element elementor-element-3be900a\" data-id=\"3be900a\" data-element_type=\"column\" data-e-type=\"column\">\n\t\t\t<div class=\"elementor-widget-wrap elementor-element-populated\">\n\t\t\t\t\t\t<div class=\"elementor-element elementor-element-27ec11c elementor-invisible elementor-widget elementor-widget-heading\" data-id=\"27ec11c\" data-element_type=\"widget\" data-e-type=\"widget\" data-settings=\"{&quot;_animation&quot;:&quot;fadeIn&quot;}\" data-widget_type=\"heading.default\">\n\t\t\t\t<div class=\"elementor-widget-container\">\n\t\t\t\t\t<h4 class=\"elementor-heading-title elementor-size-default\">TRAMITE<\/h4>\t\t\t\t<\/div>\n\t\t\t\t<\/div>\n\t\t\t\t<div class=\"elementor-element elementor-element-ceb8fa4 elementor-widget elementor-widget-text-editor\" data-id=\"ceb8fa4\" data-element_type=\"widget\" data-e-type=\"widget\" data-settings=\"{&quot;_animation&quot;:&quot;none&quot;}\" data-widget_type=\"text-editor.default\">\n\t\t\t\t<div class=\"elementor-widget-container\">\n\t\t\t\t\t\t\t\t\t<p style=\"text-align: center;\">Luego de tener los requisitos y haber pagado el derecho de incorporaci\u00f3n formal al colegio, deber\u00e1 de acercarse a nuestras instalaciones para dar inicio el tr\u00e1mite, cuya duraci\u00f3n para la generaci\u00f3n del n\u00famero es de 15 d\u00edas h\u00e1biles desde la presentaci\u00f3n de la documentaci\u00f3n. Nuestra sede se encuentra en:<\/p><ul><li><b>Jir\u00f3n Daniel Hern\u00e1ndez 1315 \u2013 Pueblo Libre Ref. Altura de la cuadra 9 \u2013 10 de la Av. La Marina<\/b><\/li><li><b>Atenci\u00f3n presencial: Lunes a Viernes de 9:00 a.m. a 6:00 p.m. y los S\u00e1bados de 9:00 a.m. a 1:00 p.m.<\/b><\/li><\/ul><p>Para mayor informaci\u00f3n pueden comunicarse v\u00eda WhatsApp:<\/p>\t\t\t\t\t\t\t\t<\/div>\n\t\t\t\t<\/div>\n\t\t\t\t<div class=\"elementor-element elementor-element-616524a elementor-align-left elementor-invisible elementor-widget elementor-widget-button\" data-id=\"616524a\" data-element_type=\"widget\" data-e-type=\"widget\" data-settings=\"{&quot;_animation&quot;:&quot;fadeIn&quot;}\" data-widget_type=\"button.default\">\n\t\t\t\t<div class=\"elementor-widget-container\">\n\t\t\t\t\t\t\t\t\t<div class=\"elementor-button-wrapper\">\n\t\t\t\t\t<a class=\"elementor-button elementor-button-link elementor-size-sm\" href=\"https:\/\/wa.link\/q2pfvj\" target=\"_blank\">\n\t\t\t\t\t\t<span class=\"elementor-button-content-wrapper\">\n\t\t\t\t\t\t<span class=\"elementor-button-icon\">\n\t\t\t\t<i aria-hidden=\"true\" class=\"fab fa-whatsapp\"><\/i>\t\t\t<\/span>\n\t\t\t\t\t\t\t\t\t<span class=\"elementor-button-text\">CONSULTA AQUI<\/span>\n\t\t\t\t\t<\/span>\n\t\t\t\t\t<\/a>\n\t\t\t\t<\/div>\n\t\t\t\t\t\t\t\t<\/div>\n\t\t\t\t<\/div>\n\t\t\t\t\t<\/div>\n\t\t<\/div>\n\t\t\t\t\t<\/div>\n\t\t<\/section>\n\t\t\t\t<\/div>\n\t\t","protected":false},"excerpt":{"rendered":"<p>SERVICIO DE INCORPORACI\u00d3N FORMAL AL COLEGIO La inscripci\u00f3n en la Jurisdicci\u00f3n del Departamento de Lima, es a trav\u00e9s del Consejo Regional VII, quien eleva las solicitudes con los respectivos expedientes al Consejo Directivo Nacional para su aprobaci\u00f3n.\u00a0\u00a0\u00a0\u00a0 SUNEDU FORMATOS Descargar (.pdf) la ficha que consta de: 01 Verificaci\u00f3n y procedimiento para la incorporaci\u00f3n formal al colegio. 02 Solicitudes dirigida al (la) Decano (a) Nacional del Colegio de Bi\u00f3logos del Per\u00fa. 02 Fichas de Inscripci\u00f3n. 02 Declaraciones Jurada simple de no estar impedido o inhabilitado por sentencia judicial. * Todas las fichas se Imprimen por duplicado (llenar con tinta negra y deben ser llenadas a mano.) REQUISITOS GENERALES \u2022 Dos (02) copias simples del t\u00edtulo profesional en formato A-4, expedido por Universidad Peruana de acuerdo a la Ley Universitaria \u2022 Dos (02) copias simples del Registro Nacional de Grados y T\u00edtulos de SUNEDU. En caso de haberse titulado en el extranjero el T\u00edtulo debe ser homologado o revalidado por universidad peruana registrada ante el Registro Nacional de Grados y T\u00edtulos de la SUNEDU. \u2022 Dos (02) copias n\u00edtidas del T\u00edtulo Universitario otorgado en el extranjero (debidamente traducida, de ser el caso, por traductor oficial) homologado o revalidado, y estar registrado en SUNEDU, para proceder al tr\u00e1mite. \u2022 Presentar cuatro (04) fotograf\u00edas f\u00edsicas de frente, tama\u00f1o pasaporte (4.0 X 4.5 cm) a color. \u2022 Una (01) fotograf\u00eda digital tama\u00f1o pasaporte a color con fondo blanco, con vestimenta formal y en formato JPG o PNG (enviarlo por WhatsApp al 919 669 010 que corresponde a Secretaria, indicando sus datos). \u2022 Dos (02) copias simples del Documento Nacional de Identidad, en caso de ser extranjero copia legalizada de carn\u00e9 extranjer\u00eda o pasaporte vigente (anverso y reverso). PAGO POR DERECHO DE INSCRIPCI\u00d3N El costo es de S\/. 686.00, el pago se puede realizar mediante Agencia Bancaria, Agente o transferencia bancaria, desglosado de la siguiente manera: PAGO PAGO S\/. 686.00 solesBanco ScotiabankCuenta Corriente SolesN\u00ba 3853339CCI 009-097-00000-3853339-74Colegio de Bi\u00f3logos del Per\u00fa \u2013 Consejo Nacional RUC: 20433624531 * Comprobante del dep\u00f3sito debe ser remitido con el expediente. TRAMITE Luego de tener los requisitos y haber pagado el derecho de incorporaci\u00f3n formal al colegio, deber\u00e1 de acercarse a nuestras instalaciones para dar inicio el tr\u00e1mite, cuya duraci\u00f3n para la generaci\u00f3n del n\u00famero es de 15 d\u00edas h\u00e1biles desde la presentaci\u00f3n de la documentaci\u00f3n. Nuestra sede se encuentra en: Jir\u00f3n Daniel Hern\u00e1ndez 1315 \u2013 Pueblo Libre Ref. Altura de la cuadra 9 \u2013 10 de la Av. La Marina Atenci\u00f3n presencial: Lunes a Viernes de 9:00 a.m. a 6:00 p.m. y los S\u00e1bados de 9:00 a.m. a 1:00 p.m. Para mayor informaci\u00f3n pueden comunicarse v\u00eda WhatsApp: CONSULTA AQUI<\/p>\n","protected":false},"author":1,"featured_media":0,"parent":0,"menu_order":0,"comment_status":"closed","ping_status":"closed","template":"","meta":{"_monsterinsights_skip_tracking":false,"_monsterinsights_sitenote_active":false,"_monsterinsights_sitenote_note":"","_monsterinsights_sitenote_category":0,"site-sidebar-layout":"no-sidebar","site-content-layout":"page-builder","ast-site-content-layout":"full-width-container","site-content-style":"unboxed","site-sidebar-style":"unboxed","ast-global-header-display":"","ast-banner-title-visibility":"","ast-main-header-display":"","ast-hfb-above-header-display":"","ast-hfb-below-header-display":"","ast-hfb-mobile-header-display":"","site-post-title":"disabled","ast-breadcrumbs-content":"","ast-featured-img":"disabled","footer-sml-layout":"","ast-disable-related-posts":"","theme-transparent-header-meta":"","adv-header-id-meta":"","stick-header-meta":"","header-above-stick-meta":"","header-main-stick-meta":"","header-below-stick-meta":"","astra-migrate-meta-layouts":"set","ast-page-background-enabled":"default","ast-page-background-meta":{"desktop":{"background-color":"var(--ast-global-color-4)","background-image":"","background-repeat":"repeat","background-position":"center center","background-size":"auto","background-attachment":"scroll","background-type":"","background-media":"","overlay-type":"","overlay-color":"","overlay-opacity":"","overlay-gradient":""},"tablet":{"background-color":"","background-image":"","background-repeat":"repeat","background-position":"center center","background-size":"auto","background-attachment":"scroll","background-type":"","background-media":"","overlay-type":"","overlay-color":"","overlay-opacity":"","overlay-gradient":""},"mobile":{"background-color":"","background-image":"","background-repeat":"repeat","background-position":"center center","background-size":"auto","background-attachment":"scroll","background-type":"","background-media":"","overlay-type":"","overlay-color":"","overlay-opacity":"","overlay-gradient":""}},"ast-content-background-meta":{"desktop":{"background-color":"var(--ast-global-color-5)","background-image":"","background-repeat":"repeat","background-position":"center center","background-size":"auto","background-attachment":"scroll","background-type":"","background-media":"","overlay-type":"","overlay-color":"","overlay-opacity":"","overlay-gradient":""},"tablet":{"background-color":"var(--ast-global-color-5)","background-image":"","background-repeat":"repeat","background-position":"center center","background-size":"auto","background-attachment":"scroll","background-type":"","background-media":"","overlay-type":"","overlay-color":"","overlay-opacity":"","overlay-gradient":""},"mobile":{"background-color":"var(--ast-global-color-5)","background-image":"","background-repeat":"repeat","background-position":"center center","background-size":"auto","background-attachment":"scroll","background-type":"","background-media":"","overlay-type":"","overlay-color":"","overlay-opacity":"","overlay-gradient":""}},"_joinchat":[],"footnotes":""},"class_list":["post-1467","page","type-page","status-publish","hentry"],"aioseo_notices":[],"_links":{"self":[{"href":"https:\/\/colbiolima.org\/index.php?rest_route=\/wp\/v2\/pages\/1467","targetHints":{"allow":["GET"]}}],"collection":[{"href":"https:\/\/colbiolima.org\/index.php?rest_route=\/wp\/v2\/pages"}],"about":[{"href":"https:\/\/colbiolima.org\/index.php?rest_route=\/wp\/v2\/types\/page"}],"author":[{"embeddable":true,"href":"https:\/\/colbiolima.org\/index.php?rest_route=\/wp\/v2\/users\/1"}],"replies":[{"embeddable":true,"href":"https:\/\/colbiolima.org\/index.php?rest_route=%2Fwp%2Fv2%2Fcomments&post=1467"}],"version-history":[{"count":155,"href":"https:\/\/colbiolima.org\/index.php?rest_route=\/wp\/v2\/pages\/1467\/revisions"}],"predecessor-version":[{"id":3239,"href":"https:\/\/colbiolima.org\/index.php?rest_route=\/wp\/v2\/pages\/1467\/revisions\/3239"}],"wp:attachment":[{"href":"https:\/\/colbiolima.org\/index.php?rest_route=%2Fwp%2Fv2%2Fmedia&parent=1467"}],"curies":[{"name":"wp","href":"https:\/\/api.w.org\/{rel}","templated":true}]}}