{"id":1877,"date":"2023-11-01T00:24:30","date_gmt":"2023-10-31T23:24:30","guid":{"rendered":"https:\/\/peachpuff-tapir-499863.hostingersite.com\/?page_id=1877"},"modified":"2025-11-06T17:08:19","modified_gmt":"2025-11-06T16:08:19","slug":"segunda-especialidad","status":"publish","type":"page","link":"https:\/\/colbiolima.org\/?page_id=1877","title":{"rendered":"Segunda Especialidad"},"content":{"rendered":"\t\t<div data-elementor-type=\"wp-page\" data-elementor-id=\"1877\" class=\"elementor elementor-1877\">\n\t\t\t\t\t\t<section class=\"elementor-section elementor-top-section elementor-element elementor-element-96b2137 elementor-section-height-min-height elementor-section-content-middle elementor-section-boxed elementor-section-height-default elementor-section-items-middle wpr-particle-no wpr-jarallax-no wpr-parallax-no wpr-sticky-section-no wpr-equal-height-no\" data-id=\"96b2137\" data-element_type=\"section\" data-e-type=\"section\" data-settings=\"{&quot;background_background&quot;:&quot;classic&quot;}\">\n\t\t\t\t\t\t\t<div class=\"elementor-background-overlay\"><\/div>\n\t\t\t\t\t\t\t<div class=\"elementor-container elementor-column-gap-no\">\n\t\t\t\t\t<div class=\"elementor-column elementor-col-100 elementor-top-column elementor-element elementor-element-f50ea0f\" data-id=\"f50ea0f\" data-element_type=\"column\" data-e-type=\"column\">\n\t\t\t<div class=\"elementor-widget-wrap elementor-element-populated\">\n\t\t\t\t\t\t<div class=\"elementor-element elementor-element-25c9c08 elementor-widget__width-initial elementor-invisible elementor-widget elementor-widget-heading\" data-id=\"25c9c08\" data-element_type=\"widget\" data-e-type=\"widget\" data-settings=\"{&quot;_animation&quot;:&quot;fadeIn&quot;}\" data-widget_type=\"heading.default\">\n\t\t\t\t<div class=\"elementor-widget-container\">\n\t\t\t\t\t<h1 class=\"elementor-heading-title elementor-size-default\">SERVICIO DE REGISTRO DE ESPECIALIZACIONES PROFESIONALES ADICIONALES<\/h1>\t\t\t\t<\/div>\n\t\t\t\t<\/div>\n\t\t\t\t\t<\/div>\n\t\t<\/div>\n\t\t\t\t\t<\/div>\n\t\t<\/section>\n\t\t\t\t<section class=\"elementor-section elementor-top-section elementor-element elementor-element-b67bc56 elementor-section-boxed elementor-section-height-default elementor-section-height-default wpr-particle-no wpr-jarallax-no wpr-parallax-no wpr-sticky-section-no wpr-equal-height-no\" data-id=\"b67bc56\" data-element_type=\"section\" data-e-type=\"section\">\n\t\t\t\t\t\t<div class=\"elementor-container elementor-column-gap-default\">\n\t\t\t\t\t<div class=\"elementor-column elementor-col-100 elementor-top-column elementor-element elementor-element-3017ae4\" data-id=\"3017ae4\" data-element_type=\"column\" data-e-type=\"column\">\n\t\t\t<div class=\"elementor-widget-wrap elementor-element-populated\">\n\t\t\t\t\t\t<div class=\"elementor-element elementor-element-386ceba elementor-invisible elementor-widget elementor-widget-heading\" data-id=\"386ceba\" data-element_type=\"widget\" data-e-type=\"widget\" data-settings=\"{&quot;_animation&quot;:&quot;fadeIn&quot;}\" data-widget_type=\"heading.default\">\n\t\t\t\t<div class=\"elementor-widget-container\">\n\t\t\t\t\t<h4 class=\"elementor-heading-title elementor-size-default\">FORMATOS<\/h4>\t\t\t\t<\/div>\n\t\t\t\t<\/div>\n\t\t\t\t<div class=\"elementor-element elementor-element-768749e elementor-widget elementor-widget-text-editor\" data-id=\"768749e\" data-element_type=\"widget\" data-e-type=\"widget\" data-settings=\"{&quot;_animation&quot;:&quot;none&quot;}\" data-widget_type=\"text-editor.default\">\n\t\t\t\t<div class=\"elementor-widget-container\">\n\t\t\t\t\t\t\t\t\t<p>Descargar (<a href=\"https:\/\/drive.google.com\/file\/d\/14AlGz8qeNPp5lkEu_-TmTplGsuGlr5-O\/view?usp=sharing\" target=\"_blank\" rel=\"noopener\">pdf<\/a>) la ficha que consta de:<\/p><ul><li>(02) Solicitud de Inscripci\u00f3n al Registro Nacional de Bi\u00f3logos Especialistas dirigida al Decano(a) del Colegio de Bi\u00f3logos.<\/li><li>(02) Ficha de Inscripci\u00f3n del Bi\u00f3logo(a) Especialista.<\/li><li>(02) Declaraci\u00f3n Jurada simple de no tener antecedentes penales y policiales.<\/li><\/ul><p><em style=\"color: #ff0000; font-size: 16px;\"><strong>Todas las fichas se Imprimen por duplicado<\/strong><\/em><\/p>\t\t\t\t\t\t\t\t<\/div>\n\t\t\t\t<\/div>\n\t\t\t\t<div class=\"elementor-element elementor-element-2aae1f1 elementor-invisible elementor-widget elementor-widget-heading\" data-id=\"2aae1f1\" data-element_type=\"widget\" data-e-type=\"widget\" data-settings=\"{&quot;_animation&quot;:&quot;fadeIn&quot;}\" data-widget_type=\"heading.default\">\n\t\t\t\t<div class=\"elementor-widget-container\">\n\t\t\t\t\t<h4 class=\"elementor-heading-title elementor-size-default\">REQUISITOS GENERALES<\/h4>\t\t\t\t<\/div>\n\t\t\t\t<\/div>\n\t\t\t\t<div class=\"elementor-element elementor-element-6df5ce4 elementor-widget elementor-widget-text-editor\" data-id=\"6df5ce4\" data-element_type=\"widget\" data-e-type=\"widget\" data-settings=\"{&quot;_animation&quot;:&quot;none&quot;}\" data-widget_type=\"text-editor.default\">\n\t\t\t\t<div class=\"elementor-widget-container\">\n\t\t\t\t\t\t\t\t\t<ul><li>(02) copias simples de la Constancia de Habilidad vigente <strong>(debe tramitarlo v\u00eda WhastApp al \u00c1rea de Tesorer\u00eda: 903551332 o tesoreria@colbiolima.org)<\/strong>.<\/li><li>(02) copias del Diploma que acredita el t\u00edtulo de la Segunda Especialidad en formato A4, <br \/><strong>(fedateado por la Universidad que otorga).<\/strong><\/li><li>Dos (2) copias del Certificado de Estudios de la segunda especialidad si fuera por un Programa escolarizado y si fuera por Certificaci\u00f3n de competencias deber\u00e1 presentar dos (2) copias de la resoluci\u00f3n correspondiente<strong> (fedateado por la universidad que otorga).<\/strong><\/li><li>(02) copias simples del registro del t\u00edtulo de Segunda Especialidad en la p\u00e1gina de Grados y T\u00edtulos de SUNEDU.<\/li><li>(03) fotos tama\u00f1o pasaporte reciente.<\/li><\/ul><p style=\"text-align: center;\"><span style=\"color: #ff0000;\"><strong>EL TR\u00c1MITE EN MENCI\u00d3N ES DE MANERA PRESENCIAL Y PERSONAL<\/strong><\/span><\/p>\t\t\t\t\t\t\t\t<\/div>\n\t\t\t\t<\/div>\n\t\t\t\t\t<\/div>\n\t\t<\/div>\n\t\t\t\t\t<\/div>\n\t\t<\/section>\n\t\t\t\t<section class=\"elementor-section elementor-top-section elementor-element elementor-element-e5cbc70 elementor-section-boxed elementor-section-height-default elementor-section-height-default wpr-particle-no wpr-jarallax-no wpr-parallax-no wpr-sticky-section-no wpr-equal-height-no\" data-id=\"e5cbc70\" data-element_type=\"section\" data-e-type=\"section\">\n\t\t\t\t\t\t<div class=\"elementor-container elementor-column-gap-default\">\n\t\t\t\t\t<div class=\"elementor-column elementor-col-100 elementor-top-column elementor-element elementor-element-b9de09a\" data-id=\"b9de09a\" data-element_type=\"column\" data-e-type=\"column\">\n\t\t\t<div class=\"elementor-widget-wrap elementor-element-populated\">\n\t\t\t\t\t\t<div class=\"elementor-element elementor-element-6e951a1 elementor-invisible elementor-widget elementor-widget-heading\" data-id=\"6e951a1\" data-element_type=\"widget\" data-e-type=\"widget\" data-settings=\"{&quot;_animation&quot;:&quot;fadeIn&quot;}\" data-widget_type=\"heading.default\">\n\t\t\t\t<div class=\"elementor-widget-container\">\n\t\t\t\t\t<h4 class=\"elementor-heading-title elementor-size-default\">Voucher del pago(original) por el monto de S\/ 306.50:<\/h4>\t\t\t\t<\/div>\n\t\t\t\t<\/div>\n\t\t\t\t<div class=\"elementor-element elementor-element-aa5c7f6 elementor-tabs-alignment-center elementor-tabs-view-horizontal elementor-widget elementor-widget-tabs\" data-id=\"aa5c7f6\" data-element_type=\"widget\" data-e-type=\"widget\" data-widget_type=\"tabs.default\">\n\t\t\t\t<div class=\"elementor-widget-container\">\n\t\t\t\t\t\t\t<div class=\"elementor-tabs\">\n\t\t\t<div class=\"elementor-tabs-wrapper\" role=\"tablist\" >\n\t\t\t\t\t\t\t\t\t<div id=\"elementor-tab-title-1781\" class=\"elementor-tab-title elementor-tab-desktop-title\" aria-selected=\"true\" data-tab=\"1\" role=\"tab\" tabindex=\"0\" aria-controls=\"elementor-tab-content-1781\" aria-expanded=\"false\">PAGO<\/div>\n\t\t\t\t\t\t\t<\/div>\n\t\t\t<div class=\"elementor-tabs-content-wrapper\" role=\"tablist\" aria-orientation=\"vertical\">\n\t\t\t\t\t\t\t\t\t<div class=\"elementor-tab-title elementor-tab-mobile-title\" aria-selected=\"true\" data-tab=\"1\" role=\"tab\" tabindex=\"0\" aria-controls=\"elementor-tab-content-1781\" aria-expanded=\"false\">PAGO<\/div>\n\t\t\t\t\t<div id=\"elementor-tab-content-1781\" class=\"elementor-tab-content elementor-clearfix\" data-tab=\"1\" role=\"tabpanel\" aria-labelledby=\"elementor-tab-title-1781\" tabindex=\"0\" hidden=\"false\"><p style=\"text-align: center;\"><strong>Banco Scotiabank<\/strong><br \/>Cuenta Corriente Soles<br \/>N\u00ba 3853339<br \/>CCI 009-097-00000-3853339-74<br \/><strong>Colegio de Bi\u00f3logos del Per\u00fa \u2013 Consejo Nacional<\/strong><\/p><p style=\"text-align: center;\"><span style=\"font-weight: bold;\">RUC: 20433624531<\/span><strong><br \/><\/strong><\/p><\/div>\n\t\t\t\t\t\t\t<\/div>\n\t\t<\/div>\n\t\t\t\t\t\t<\/div>\n\t\t\t\t<\/div>\n\t\t\t\t\t<\/div>\n\t\t<\/div>\n\t\t\t\t\t<\/div>\n\t\t<\/section>\n\t\t<div class=\"elementor-element elementor-element-726ee6f e-flex e-con-boxed wpr-particle-no wpr-jarallax-no wpr-parallax-no wpr-sticky-section-no wpr-equal-height-no e-con e-parent\" data-id=\"726ee6f\" data-element_type=\"container\" data-e-type=\"container\" data-settings=\"{&quot;background_background&quot;:&quot;classic&quot;}\">\n\t\t\t\t\t<div class=\"e-con-inner\">\n\t\t\t\t<div class=\"elementor-element elementor-element-6b96b26 elementor-widget elementor-widget-heading\" data-id=\"6b96b26\" data-element_type=\"widget\" data-e-type=\"widget\" data-widget_type=\"heading.default\">\n\t\t\t\t<div class=\"elementor-widget-container\">\n\t\t\t\t\t<h3 class=\"elementor-heading-title elementor-size-default\">Para mayor informaci\u00f3n acerca del tramite, pueden comunicarse v\u00eda WhatsApp:<\/h3>\t\t\t\t<\/div>\n\t\t\t\t<\/div>\n\t\t\t\t<div class=\"elementor-element elementor-element-c98bf3a elementor-align-center elementor-widget elementor-widget-button\" data-id=\"c98bf3a\" data-element_type=\"widget\" data-e-type=\"widget\" data-widget_type=\"button.default\">\n\t\t\t\t<div class=\"elementor-widget-container\">\n\t\t\t\t\t\t\t\t\t<div class=\"elementor-button-wrapper\">\n\t\t\t\t\t<a class=\"elementor-button elementor-button-link elementor-size-sm\" href=\"https:\/\/wa.link\/3wj8qt\" target=\"_blank\">\n\t\t\t\t\t\t<span class=\"elementor-button-content-wrapper\">\n\t\t\t\t\t\t<span class=\"elementor-button-icon\">\n\t\t\t\t<i aria-hidden=\"true\" class=\"fab fa-whatsapp\"><\/i>\t\t\t<\/span>\n\t\t\t\t\t\t\t\t\t<span class=\"elementor-button-text\">CONSULTAS  AQUI<\/span>\n\t\t\t\t\t<\/span>\n\t\t\t\t\t<\/a>\n\t\t\t\t<\/div>\n\t\t\t\t\t\t\t\t<\/div>\n\t\t\t\t<\/div>\n\t\t\t\t<div class=\"elementor-element elementor-element-477346b elementor-widget elementor-widget-heading\" data-id=\"477346b\" data-element_type=\"widget\" data-e-type=\"widget\" data-widget_type=\"heading.default\">\n\t\t\t\t<div class=\"elementor-widget-container\">\n\t\t\t\t\t<h3 class=\"elementor-heading-title elementor-size-default\">Jir\u00f3n Daniel Hern\u00e1ndez 1315 \/ Pueblo Libre\n<br>Ref. cruce entre la cdra. 9 y 10 la Av. La Marina\n<br>Lunes a Viernes de 9:00 a.m. a 6:00 p.m. y los\n<br>S\u00e1bados de 9:00 a.m. a 1:00 p.m.<\/h3>\t\t\t\t<\/div>\n\t\t\t\t<\/div>\n\t\t\t\t\t<\/div>\n\t\t\t\t<\/div>\n\t\t\t\t<\/div>\n\t\t","protected":false},"excerpt":{"rendered":"<p>SERVICIO DE REGISTRO DE ESPECIALIZACIONES PROFESIONALES ADICIONALES FORMATOS Descargar (pdf) la ficha que consta de: (02) Solicitud de Inscripci\u00f3n al Registro Nacional de Bi\u00f3logos Especialistas dirigida al Decano(a) del Colegio de Bi\u00f3logos. (02) Ficha de Inscripci\u00f3n del Bi\u00f3logo(a) Especialista. (02) Declaraci\u00f3n Jurada simple de no tener antecedentes penales y policiales. Todas las fichas se Imprimen por duplicado REQUISITOS GENERALES (02) copias simples de la Constancia de Habilidad vigente (debe tramitarlo v\u00eda WhastApp al \u00c1rea de Tesorer\u00eda: 903551332 o tesoreria@colbiolima.org). (02) copias del Diploma que acredita el t\u00edtulo de la Segunda Especialidad en formato A4, (fedateado por la Universidad que otorga). Dos (2) copias del Certificado de Estudios de la segunda especialidad si fuera por un Programa escolarizado y si fuera por Certificaci\u00f3n de competencias deber\u00e1 presentar dos (2) copias de la resoluci\u00f3n correspondiente (fedateado por la universidad que otorga). (02) copias simples del registro del t\u00edtulo de Segunda Especialidad en la p\u00e1gina de Grados y T\u00edtulos de SUNEDU. (03) fotos tama\u00f1o pasaporte reciente. EL TR\u00c1MITE EN MENCI\u00d3N ES DE MANERA PRESENCIAL Y PERSONAL Voucher del pago(original) por el monto de S\/ 306.50: PAGO PAGO Banco ScotiabankCuenta Corriente SolesN\u00ba 3853339CCI 009-097-00000-3853339-74Colegio de Bi\u00f3logos del Per\u00fa \u2013 Consejo Nacional RUC: 20433624531 Para mayor informaci\u00f3n acerca del tramite, pueden comunicarse v\u00eda WhatsApp: CONSULTAS AQUI Jir\u00f3n Daniel Hern\u00e1ndez 1315 \/ Pueblo Libre Ref. cruce entre la cdra. 9 y 10 la Av. La Marina Lunes a Viernes de 9:00 a.m. a 6:00 p.m. y los S\u00e1bados de 9:00 a.m. a 1:00 p.m.<\/p>\n","protected":false},"author":1,"featured_media":0,"parent":0,"menu_order":0,"comment_status":"closed","ping_status":"closed","template":"","meta":{"_monsterinsights_skip_tracking":false,"_monsterinsights_sitenote_active":false,"_monsterinsights_sitenote_note":"","_monsterinsights_sitenote_category":0,"site-sidebar-layout":"no-sidebar","site-content-layout":"page-builder","ast-site-content-layout":"full-width-container","site-content-style":"unboxed","site-sidebar-style":"unboxed","ast-global-header-display":"","ast-banner-title-visibility":"","ast-main-header-display":"","ast-hfb-above-header-display":"","ast-hfb-below-header-display":"","ast-hfb-mobile-header-display":"","site-post-title":"disabled","ast-breadcrumbs-content":"","ast-featured-img":"disabled","footer-sml-layout":"","ast-disable-related-posts":"","theme-transparent-header-meta":"","adv-header-id-meta":"","stick-header-meta":"","header-above-stick-meta":"","header-main-stick-meta":"","header-below-stick-meta":"","astra-migrate-meta-layouts":"set","ast-page-background-enabled":"default","ast-page-background-meta":{"desktop":{"background-color":"var(--ast-global-color-4)","background-image":"","background-repeat":"repeat","background-position":"center center","background-size":"auto","background-attachment":"scroll","background-type":"","background-media":"","overlay-type":"","overlay-color":"","overlay-opacity":"","overlay-gradient":""},"tablet":{"background-color":"","background-image":"","background-repeat":"repeat","background-position":"center center","background-size":"auto","background-attachment":"scroll","background-type":"","background-media":"","overlay-type":"","overlay-color":"","overlay-opacity":"","overlay-gradient":""},"mobile":{"background-color":"","background-image":"","background-repeat":"repeat","background-position":"center center","background-size":"auto","background-attachment":"scroll","background-type":"","background-media":"","overlay-type":"","overlay-color":"","overlay-opacity":"","overlay-gradient":""}},"ast-content-background-meta":{"desktop":{"background-color":"var(--ast-global-color-5)","background-image":"","background-repeat":"repeat","background-position":"center center","background-size":"auto","background-attachment":"scroll","background-type":"","background-media":"","overlay-type":"","overlay-color":"","overlay-opacity":"","overlay-gradient":""},"tablet":{"background-color":"var(--ast-global-color-5)","background-image":"","background-repeat":"repeat","background-position":"center center","background-size":"auto","background-attachment":"scroll","background-type":"","background-media":"","overlay-type":"","overlay-color":"","overlay-opacity":"","overlay-gradient":""},"mobile":{"background-color":"var(--ast-global-color-5)","background-image":"","background-repeat":"repeat","background-position":"center center","background-size":"auto","background-attachment":"scroll","background-type":"","background-media":"","overlay-type":"","overlay-color":"","overlay-opacity":"","overlay-gradient":""}},"_joinchat":[],"footnotes":""},"class_list":["post-1877","page","type-page","status-publish","hentry"],"aioseo_notices":[],"_links":{"self":[{"href":"https:\/\/colbiolima.org\/index.php?rest_route=\/wp\/v2\/pages\/1877","targetHints":{"allow":["GET"]}}],"collection":[{"href":"https:\/\/colbiolima.org\/index.php?rest_route=\/wp\/v2\/pages"}],"about":[{"href":"https:\/\/colbiolima.org\/index.php?rest_route=\/wp\/v2\/types\/page"}],"author":[{"embeddable":true,"href":"https:\/\/colbiolima.org\/index.php?rest_route=\/wp\/v2\/users\/1"}],"replies":[{"embeddable":true,"href":"https:\/\/colbiolima.org\/index.php?rest_route=%2Fwp%2Fv2%2Fcomments&post=1877"}],"version-history":[{"count":80,"href":"https:\/\/colbiolima.org\/index.php?rest_route=\/wp\/v2\/pages\/1877\/revisions"}],"predecessor-version":[{"id":3143,"href":"https:\/\/colbiolima.org\/index.php?rest_route=\/wp\/v2\/pages\/1877\/revisions\/3143"}],"wp:attachment":[{"href":"https:\/\/colbiolima.org\/index.php?rest_route=%2Fwp%2Fv2%2Fmedia&parent=1877"}],"curies":[{"name":"wp","href":"https:\/\/api.w.org\/{rel}","templated":true}]}}