{"id":2314,"date":"2024-05-15T21:23:47","date_gmt":"2024-05-15T19:23:47","guid":{"rendered":"https:\/\/colbiolima.org\/?page_id=2314"},"modified":"2025-03-15T00:49:05","modified_gmt":"2025-03-14T23:49:05","slug":"boletin","status":"publish","type":"page","link":"https:\/\/colbiolima.org\/?page_id=2314","title":{"rendered":"Bolet\u00edn"},"content":{"rendered":"\t\t<div data-elementor-type=\"wp-page\" data-elementor-id=\"2314\" class=\"elementor elementor-2314\">\n\t\t\t\t\t\t<section class=\"elementor-section elementor-top-section elementor-element elementor-element-084722c elementor-section-height-min-height elementor-section-content-middle elementor-section-boxed elementor-section-height-default elementor-section-items-middle wpr-particle-no wpr-jarallax-no wpr-parallax-no wpr-sticky-section-no wpr-equal-height-no\" data-id=\"084722c\" data-element_type=\"section\" data-e-type=\"section\" data-settings=\"{&quot;background_background&quot;:&quot;classic&quot;}\">\n\t\t\t\t\t\t\t<div class=\"elementor-background-overlay\"><\/div>\n\t\t\t\t\t\t\t<div class=\"elementor-container elementor-column-gap-no\">\n\t\t\t\t\t<div class=\"elementor-column elementor-col-100 elementor-top-column elementor-element elementor-element-6eb4d7d\" data-id=\"6eb4d7d\" data-element_type=\"column\" data-e-type=\"column\">\n\t\t\t<div class=\"elementor-widget-wrap elementor-element-populated\">\n\t\t\t\t\t\t<div class=\"elementor-element elementor-element-4901745 elementor-invisible elementor-widget elementor-widget-heading\" data-id=\"4901745\" data-element_type=\"widget\" data-e-type=\"widget\" data-settings=\"{&quot;_animation&quot;:&quot;fadeIn&quot;}\" data-widget_type=\"heading.default\">\n\t\t\t\t<div class=\"elementor-widget-container\">\n\t\t\t\t\t<h1 class=\"elementor-heading-title elementor-size-default\"><p style=\"margin-bottom:0cm\">INFORME DE ACTIVIDADES<span style=\"color: var( --e-global-color-astglobalcolor5 );font-style: inherit;letter-spacing: 0px;background-color: var(--ast-global-color-5)\"><\/span><\/p><\/h1>\t\t\t\t<\/div>\n\t\t\t\t<\/div>\n\t\t\t\t\t<\/div>\n\t\t<\/div>\n\t\t\t\t\t<\/div>\n\t\t<\/section>\n\t\t\t\t<section class=\"elementor-section elementor-top-section elementor-element elementor-element-750124a elementor-section-boxed elementor-section-height-default elementor-section-height-default wpr-particle-no wpr-jarallax-no wpr-parallax-no wpr-sticky-section-no wpr-equal-height-no\" data-id=\"750124a\" data-element_type=\"section\" data-e-type=\"section\" data-settings=\"{&quot;background_background&quot;:&quot;classic&quot;}\">\n\t\t\t\t\t\t<div class=\"elementor-container elementor-column-gap-default\">\n\t\t\t\t\t<div class=\"elementor-column elementor-col-50 elementor-top-column elementor-element elementor-element-c5c1a7f\" data-id=\"c5c1a7f\" data-element_type=\"column\" data-e-type=\"column\">\n\t\t\t<div class=\"elementor-widget-wrap elementor-element-populated\">\n\t\t\t\t\t\t<div class=\"elementor-element elementor-element-9ad1cb9 elementor-widget__width-initial elementor-widget elementor-widget-text-editor\" data-id=\"9ad1cb9\" data-element_type=\"widget\" data-e-type=\"widget\" data-widget_type=\"text-editor.default\">\n\t\t\t\t<div class=\"elementor-widget-container\">\n\t\t\t\t\t\t\t\t\t<p><strong><span style=\"color: #000000;\">INFORME DE GESTI\u00d3N<\/span> <span style=\"color: #339966;\">2019 \u2013 2021<\/span><\/strong><\/p><p><a href=\"https:\/\/drive.google.com\/file\/d\/1Cpi3D20pYx4iLGtZ2QMQqR2IxRBfYc4E\/view?usp=sharing\" target=\"_blank\" rel=\"noopener\">Descarga aqu\u00ed<\/a><\/p><p><strong><span style=\"color: #000000;\">INFORME DE GESTI\u00d3N<\/span> <span style=\"color: #339966;\">2021 \u2013 2023<\/span><\/strong><\/p><p><a href=\"https:\/\/drive.google.com\/file\/d\/1W3VRE7Agn3ILlxYitq-XgKsFplov7zIK\/view?usp=sharing\" target=\"_blank\" rel=\"noopener\">Descarga aqu\u00ed<\/a><\/p><p><strong><span style=\"color: #000000;\">INFORME DE GESTI\u00d3N<\/span> <span style=\"color: #339966;\">2023 \u2013 2025<\/span><\/strong><\/p><p><a href=\"https:\/\/drive.google.com\/file\/d\/1-hWfVGOtuh_-bI9L6Rz6EbnpMdjlOp_h\/view?usp=sharing\" target=\"_blank\" rel=\"noopener\">Descarga aqu\u00ed<\/a><\/p><p><a href=\"https:\/\/drive.google.com\/file\/d\/1TjxUASRHdRLZHwBdMSrYS_qjH1AhQa8N\/view?usp=sharing\" target=\"_blank\" rel=\"noopener\">Descarga aqu\u00ed<\/a><\/p><p><strong><span style=\"color: #000000;\">INFORME SOBRE LOCAL INSTITUCIONAL<\/span><\/strong><\/p><p><a href=\"https:\/\/drive.google.com\/file\/d\/1HGPkRtVgY6REeuharU6JxCmyjw4P7Afm\/view?usp=sharing\" target=\"_blank\" rel=\"noopener\">Descarga aqu\u00ed<\/a><\/p>\t\t\t\t\t\t\t\t<\/div>\n\t\t\t\t<\/div>\n\t\t\t\t\t<\/div>\n\t\t<\/div>\n\t\t\t\t<div class=\"elementor-column elementor-col-50 elementor-top-column elementor-element elementor-element-2f1432b\" data-id=\"2f1432b\" data-element_type=\"column\" data-e-type=\"column\">\n\t\t\t<div class=\"elementor-widget-wrap elementor-element-populated\">\n\t\t\t\t\t\t<div class=\"elementor-element elementor-element-dae5ca8 elementor-invisible elementor-widget elementor-widget-image\" data-id=\"dae5ca8\" data-element_type=\"widget\" data-e-type=\"widget\" data-settings=\"{&quot;_animation&quot;:&quot;fadeIn&quot;}\" data-widget_type=\"image.default\">\n\t\t\t\t<div class=\"elementor-widget-container\">\n\t\t\t\t\t\t\t\t\t\t\t\t\t\t\t<img fetchpriority=\"high\" decoding=\"async\" width=\"651\" height=\"1024\" src=\"https:\/\/colbiolima.org\/wp-content\/uploads\/2023\/11\/3b4bd01e-abd6-412a-b80e-5d9db5bc2977.jpeg\" class=\"attachment-full size-full wp-image-2032\" alt=\"\" \/>\t\t\t\t\t\t\t\t\t\t\t\t\t\t\t<\/div>\n\t\t\t\t<\/div>\n\t\t\t\t\t<\/div>\n\t\t<\/div>\n\t\t\t\t\t<\/div>\n\t\t<\/section>\n\t\t\t\t<\/div>\n\t\t","protected":false},"excerpt":{"rendered":"<p>INFORME DE ACTIVIDADES INFORME DE GESTI\u00d3N 2019 \u2013 2021 Descarga aqu\u00ed INFORME DE GESTI\u00d3N 2021 \u2013 2023 Descarga aqu\u00ed INFORME DE GESTI\u00d3N 2023 \u2013 2025 Descarga aqu\u00ed Descarga aqu\u00ed INFORME SOBRE LOCAL INSTITUCIONAL Descarga aqu\u00ed<\/p>\n","protected":false},"author":1,"featured_media":0,"parent":0,"menu_order":0,"comment_status":"closed","ping_status":"closed","template":"","meta":{"_monsterinsights_skip_tracking":false,"_monsterinsights_sitenote_active":false,"_monsterinsights_sitenote_note":"","_monsterinsights_sitenote_category":0,"site-sidebar-layout":"no-sidebar","site-content-layout":"page-builder","ast-site-content-layout":"full-width-container","site-content-style":"default","site-sidebar-style":"default","ast-global-header-display":"","ast-banner-title-visibility":"","ast-main-header-display":"","ast-hfb-above-header-display":"","ast-hfb-below-header-display":"","ast-hfb-mobile-header-display":"","site-post-title":"disabled","ast-breadcrumbs-content":"","ast-featured-img":"disabled","footer-sml-layout":"","ast-disable-related-posts":"","theme-transparent-header-meta":"","adv-header-id-meta":"","stick-header-meta":"","header-above-stick-meta":"","header-main-stick-meta":"","header-below-stick-meta":"","astra-migrate-meta-layouts":"default","ast-page-background-enabled":"default","ast-page-background-meta":{"desktop":{"background-color":"var(--ast-global-color-4)","background-image":"","background-repeat":"repeat","background-position":"center center","background-size":"auto","background-attachment":"scroll","background-type":"","background-media":"","overlay-type":"","overlay-color":"","overlay-opacity":"","overlay-gradient":""},"tablet":{"background-color":"","background-image":"","background-repeat":"repeat","background-position":"center center","background-size":"auto","background-attachment":"scroll","background-type":"","background-media":"","overlay-type":"","overlay-color":"","overlay-opacity":"","overlay-gradient":""},"mobile":{"background-color":"","background-image":"","background-repeat":"repeat","background-position":"center center","background-size":"auto","background-attachment":"scroll","background-type":"","background-media":"","overlay-type":"","overlay-color":"","overlay-opacity":"","overlay-gradient":""}},"ast-content-background-meta":{"desktop":{"background-color":"var(--ast-global-color-5)","background-image":"","background-repeat":"repeat","background-position":"center center","background-size":"auto","background-attachment":"scroll","background-type":"","background-media":"","overlay-type":"","overlay-color":"","overlay-opacity":"","overlay-gradient":""},"tablet":{"background-color":"var(--ast-global-color-5)","background-image":"","background-repeat":"repeat","background-position":"center center","background-size":"auto","background-attachment":"scroll","background-type":"","background-media":"","overlay-type":"","overlay-color":"","overlay-opacity":"","overlay-gradient":""},"mobile":{"background-color":"var(--ast-global-color-5)","background-image":"","background-repeat":"repeat","background-position":"center center","background-size":"auto","background-attachment":"scroll","background-type":"","background-media":"","overlay-type":"","overlay-color":"","overlay-opacity":"","overlay-gradient":""}},"_joinchat":[],"footnotes":""},"class_list":["post-2314","page","type-page","status-publish","hentry"],"aioseo_notices":[],"_links":{"self":[{"href":"https:\/\/colbiolima.org\/index.php?rest_route=\/wp\/v2\/pages\/2314","targetHints":{"allow":["GET"]}}],"collection":[{"href":"https:\/\/colbiolima.org\/index.php?rest_route=\/wp\/v2\/pages"}],"about":[{"href":"https:\/\/colbiolima.org\/index.php?rest_route=\/wp\/v2\/types\/page"}],"author":[{"embeddable":true,"href":"https:\/\/colbiolima.org\/index.php?rest_route=\/wp\/v2\/users\/1"}],"replies":[{"embeddable":true,"href":"https:\/\/colbiolima.org\/index.php?rest_route=%2Fwp%2Fv2%2Fcomments&post=2314"}],"version-history":[{"count":43,"href":"https:\/\/colbiolima.org\/index.php?rest_route=\/wp\/v2\/pages\/2314\/revisions"}],"predecessor-version":[{"id":2838,"href":"https:\/\/colbiolima.org\/index.php?rest_route=\/wp\/v2\/pages\/2314\/revisions\/2838"}],"wp:attachment":[{"href":"https:\/\/colbiolima.org\/index.php?rest_route=%2Fwp%2Fv2%2Fmedia&parent=2314"}],"curies":[{"name":"wp","href":"https:\/\/api.w.org\/{rel}","templated":true}]}}